{"id":1022,"date":"2023-06-15T11:10:26","date_gmt":"2023-06-15T09:10:26","guid":{"rendered":"http:\/\/www.patcode.pl\/?page_id=1022"},"modified":"2025-12-30T21:44:29","modified_gmt":"2025-12-30T20:44:29","slug":"zaburzenia-osobowosci","status":"publish","type":"page","link":"http:\/\/www.patcode.pl\/?page_id=1022","title":{"rendered":"Zaburzenia osobowo\u015bci"},"content":{"rendered":"\t\t<div data-elementor-type=\"wp-page\" data-elementor-id=\"1022\" class=\"elementor elementor-1022\" data-elementor-post-type=\"page\">\n\t\t\t\t\t\t<section class=\"elementor-section elementor-top-section elementor-element elementor-element-7ad38fa elementor-section-boxed elementor-section-height-default elementor-section-height-default\" data-id=\"7ad38fa\" data-element_type=\"section\" data-e-type=\"section\">\n\t\t\t\t\t\t<div class=\"elementor-container elementor-column-gap-default\">\n\t\t\t\t\t<div class=\"elementor-column elementor-col-100 elementor-top-column elementor-element elementor-element-80d4572\" data-id=\"80d4572\" data-element_type=\"column\" data-e-type=\"column\">\n\t\t\t<div class=\"elementor-widget-wrap elementor-element-populated\">\n\t\t\t\t\t\t<div class=\"elementor-element elementor-element-b7aad1e elementor-widget elementor-widget-heading\" data-id=\"b7aad1e\" data-element_type=\"widget\" data-e-type=\"widget\" data-widget_type=\"heading.default\">\n\t\t\t\t<div class=\"elementor-widget-container\">\n\t\t\t\t\t<h2 class=\"elementor-heading-title elementor-size-default\">Zaburzenia osobowo\u015bci<\/h2>\t\t\t\t<\/div>\n\t\t\t\t<\/div>\n\t\t\t\t<div class=\"elementor-element elementor-element-2ba39a8 elementor-widget elementor-widget-spacer\" data-id=\"2ba39a8\" data-element_type=\"widget\" data-e-type=\"widget\" data-widget_type=\"spacer.default\">\n\t\t\t\t<div class=\"elementor-widget-container\">\n\t\t\t\t\t\t\t<div class=\"elementor-spacer\">\n\t\t\t<div class=\"elementor-spacer-inner\"><\/div>\n\t\t<\/div>\n\t\t\t\t\t\t<\/div>\n\t\t\t\t<\/div>\n\t\t\t\t\t<\/div>\n\t\t<\/div>\n\t\t\t\t\t<\/div>\n\t\t<\/section>\n\t\t\t\t<section class=\"elementor-section elementor-top-section elementor-element elementor-element-541ae07 elementor-section-boxed elementor-section-height-default elementor-section-height-default\" data-id=\"541ae07\" data-element_type=\"section\" data-e-type=\"section\">\n\t\t\t\t\t\t<div class=\"elementor-container elementor-column-gap-default\">\n\t\t\t\t\t<div class=\"elementor-column elementor-col-50 elementor-top-column elementor-element elementor-element-5c80b38\" data-id=\"5c80b38\" data-element_type=\"column\" data-e-type=\"column\">\n\t\t\t<div class=\"elementor-widget-wrap elementor-element-populated\">\n\t\t\t\t\t\t<div class=\"elementor-element elementor-element-0d1cd60 elementor-widget elementor-widget-text-editor\" data-id=\"0d1cd60\" data-element_type=\"widget\" data-e-type=\"widget\" data-widget_type=\"text-editor.default\">\n\t\t\t\t<div class=\"elementor-widget-container\">\n\t\t\t\t\t\t\t\t\t<p>W dzisiejszych czasach coraz wi\u0119cej os\u00f3b boryka si\u0119 z problemami emocjonalnymi i psychicznymi. Jednym z nich s\u0105 zaburzenia osobowo\u015bci, kt\u00f3re mog\u0105 wp\u0142yn\u0105\u0107 na nasze codzienne \u017cycie i relacje z innymi lud\u017ami. W tym artykule om\u00f3wimy, czym dok\u0142adnie jest zaburzenie osobowo\u015bci, co je powoduje oraz jak je rozpozna\u0107. Dowiemy si\u0119 r\u00f3wnie\u017c, czy istnieje skuteczne leczenie dla tych zaburze\u0144 oraz jakie s\u0105 ich r\u00f3\u017cne rodzaje.<\/p><h2>Czym jest zaburzenie osobowo\u015bci?<\/h2><p>Zaburzenie osobowo\u015bci to stan, w kt\u00f3rym osoba ma trudno\u015bci z funkcjonowaniem w spo\u0142ecze\u0144stwie. Osoby z zaburzeniem osobowo\u015bci maj\u0105 problemy z kontrol\u0105 emocji, zachowa\u0144 i my\u015bli. Zaburzenia te wp\u0142ywaj\u0105 na spos\u00f3b, w jaki jednostka postrzega siebie oraz innych ludzi. Wiele os\u00f3b z zaburzeniami osobowo\u015bci do\u015bwiadcza trudno\u015bci w utrzymywaniu zdrowych relacji interpersonalnych.<\/p><p>Osoby cierpi\u0105ce na zaburzenia osobowo\u015bci cz\u0119sto odczuwaj\u0105 silne emocje, takie jak gniew, smutek czy l\u0119k. Cz\u0119sto nie potrafi\u0105 one radzi\u0107 sobie ze swoimi uczuciami i reaguj\u0105 na nie w spos\u00f3b nieadekwatny do sytuacji. Mog\u0105 te\u017c mie\u0107 trudno\u015bci z kontrolowaniem impuls\u00f3w i podejmowaniem decyzji.<\/p><p>Zaburzenia osobowo\u015bci mog\u0105 wp\u0142ywa\u0107 na wiele aspekt\u00f3w \u017cycia jednostki, takich jak praca, szko\u0142a czy \u017cycie rodzinne. Osoby cierpi\u0105ce na te zaburzenia cz\u0119sto czuj\u0105 si\u0119 izolowane i nies\u0142yszane przez otoczenie. Jednak\u017ce istniej\u0105 r\u00f3\u017cne formy terapii, kt\u00f3re mog\u0105 pom\u00f3c im w radzeniu sobie z tymi problemami.<\/p><p>\u00a0<\/p>\t\t\t\t\t\t\t\t<\/div>\n\t\t\t\t<\/div>\n\t\t\t\t\t<\/div>\n\t\t<\/div>\n\t\t\t\t<div class=\"elementor-column elementor-col-50 elementor-top-column elementor-element elementor-element-f8d0f8b\" data-id=\"f8d0f8b\" data-element_type=\"column\" data-e-type=\"column\">\n\t\t\t<div class=\"elementor-widget-wrap elementor-element-populated\">\n\t\t\t\t\t\t<div class=\"elementor-element elementor-element-ea278e2 elementor-widget elementor-widget-image\" data-id=\"ea278e2\" data-element_type=\"widget\" data-e-type=\"widget\" data-widget_type=\"image.default\">\n\t\t\t\t<div class=\"elementor-widget-container\">\n\t\t\t\t\t\t\t\t\t\t\t\t\t\t\t<img fetchpriority=\"high\" decoding=\"async\" width=\"1024\" height=\"1024\" src=\"http:\/\/www.patcode.pl\/wp-content\/uploads\/2023\/06\/Zaburzenia-osobowosci-zaciszezmiany-1024x1024.png\" class=\"attachment-large size-large wp-image-1024\" alt=\"\" srcset=\"http:\/\/www.patcode.pl\/wp-content\/uploads\/2023\/06\/Zaburzenia-osobowosci-zaciszezmiany-1024x1024.png 1024w, http:\/\/www.patcode.pl\/wp-content\/uploads\/2023\/06\/Zaburzenia-osobowosci-zaciszezmiany-300x300.png 300w, http:\/\/www.patcode.pl\/wp-content\/uploads\/2023\/06\/Zaburzenia-osobowosci-zaciszezmiany-150x150.png 150w, http:\/\/www.patcode.pl\/wp-content\/uploads\/2023\/06\/Zaburzenia-osobowosci-zaciszezmiany-768x768.png 768w, http:\/\/www.patcode.pl\/wp-content\/uploads\/2023\/06\/Zaburzenia-osobowosci-zaciszezmiany.png 1080w\" sizes=\"(max-width: 1024px) 100vw, 1024px\" \/>\t\t\t\t\t\t\t\t\t\t\t\t\t\t\t<\/div>\n\t\t\t\t<\/div>\n\t\t\t\t\t<\/div>\n\t\t<\/div>\n\t\t\t\t\t<\/div>\n\t\t<\/section>\n\t\t\t\t<section class=\"elementor-section elementor-top-section elementor-element elementor-element-56f1735 elementor-section-boxed elementor-section-height-default elementor-section-height-default\" data-id=\"56f1735\" data-element_type=\"section\" data-e-type=\"section\">\n\t\t\t\t\t\t<div class=\"elementor-container elementor-column-gap-default\">\n\t\t\t\t\t<div class=\"elementor-column elementor-col-100 elementor-top-column elementor-element elementor-element-fa5123d\" data-id=\"fa5123d\" data-element_type=\"column\" data-e-type=\"column\">\n\t\t\t<div class=\"elementor-widget-wrap elementor-element-populated\">\n\t\t\t\t\t\t<div class=\"elementor-element elementor-element-574d564 elementor-widget elementor-widget-text-editor\" data-id=\"574d564\" data-element_type=\"widget\" data-e-type=\"widget\" data-widget_type=\"text-editor.default\">\n\t\t\t\t<div class=\"elementor-widget-container\">\n\t\t\t\t\t\t\t\t\t<h2>Co powoduje zaburzenia osobowo\u015bci?<\/h2>\n<p>Zaburzenia osobowo\u015bci to z\u0142o\u017cone i trudne do zrozumienia choroby, kt\u00f3re wp\u0142ywaj\u0105 na spos\u00f3b my\u015blenia, odczuwania i zachowania. Ich przyczyny s\u0105 r\u00f3\u017cnorodne i skomplikowane. Jednym z g\u0142\u00f3wnych czynnik\u00f3w powoduj\u0105cych zaburzenia osobowo\u015bci jest traumatyczne do\u015bwiadczenie w dzieci\u0144stwie, takie jak przemoc fizyczna lub emocjonalna, zaniedbanie lub utrata bliskiej osoby.<\/p>\n<p>Innymi czynnikami mog\u0105 by\u0107 genetyka, nieprawid\u0142owe funkcjonowanie m\u00f3zgu oraz stres i napi\u0119cie emocjonalne. Cz\u0119sto te\u017c zaburzenia osobowo\u015bci pojawiaj\u0105 si\u0119 u os\u00f3b, kt\u00f3re mia\u0142y problemy w relacjach mi\u0119dzyludzkich lub do\u015bwiadczy\u0142y trudno\u015bci w radzeniu sobie ze stresem.<\/p>\n<p>Warto jednak pami\u0119ta\u0107, \u017ce ka\u017cdy przypadek jest inny i nie ma jednoznacznej odpowiedzi na pytanie o przyczyny zaburze\u0144 osobowo\u015bci. Dlatego wa\u017cne jest, aby szuka\u0107 pomocy u specjalisty, kt\u00f3ry mo\u017ce pom\u00f3c zdiagnozowa\u0107 problem i zaproponowa\u0107 odpowiednie leczenie.<\/p>\n<h2>Jak rozpozna\u0107 zaburzenie osobowo\u015bci?<\/h2>\n<p>Rozpoznanie zaburzenia osobowo\u015bci mo\u017ce by\u0107 trudne, poniewa\u017c objawy cz\u0119sto s\u0105 subtelne i mog\u0105 przypomina\u0107 problemy emocjonalne lub zachowania charakterystyczne dla innych zaburze\u0144 psychicznych. Jednak\u017ce, je\u015bli zauwa\u017cysz u siebie lub u kogo\u015b innego sta\u0142e wzorce zachowa\u0144, my\u015blenia i odczuwania, kt\u00f3re powoduj\u0105 trudno\u015bci w funkcjonowaniu spo\u0142ecznym, zawodowym lub osobistym, warto skonsultowa\u0107 si\u0119 z lekarzem psychiatr\u0105.<\/p>\n<p>Lekarz psychiatra przeprowadzi wywiad z pacjentem oraz dok\u0142adny opis jego objaw\u00f3w. Mo\u017ce r\u00f3wnie\u017c poprosi\u0107 o wykonanie bada\u0144 laboratoryjnych lub obrazowych w celu wykluczenia innych chor\u00f3b fizycznych, kt\u00f3re mog\u0105 wp\u0142ywa\u0107 na stan zdrowia psychicznego. W niekt\u00f3rych przypadkach diagnoza zaburzenia osobowo\u015bci mo\u017ce wymaga\u0107 kilku wizyt u specjalisty.<\/p>\n<p>Wa\u017cnym elementem rozpoznania zaburze\u0144 osobowo\u015bci jest obserwacja przez bliskich osoby chorego. Cz\u0119sto to oni jako pierwsi zauwa\u017caj\u0105 zmiany w zachowaniu i nastroju pacjenta. Dlatego te\u017c wa\u017cne jest, aby otoczenie chorego by\u0142o \u015bwiadome jego problem\u00f3w i wspiera\u0142o go w procesie leczenia.<\/p>\n<h2>Czy zaburzenia osobowo\u015bci s\u0105 uleczalne?<\/h2>\n<p>Zaburzenia osobowo\u015bci to powa\u017cne problemy, kt\u00f3re wp\u0142ywaj\u0105 na \u017cycie wielu ludzi. Cz\u0119sto osoby z zaburzeniami osobowo\u015bci maj\u0105 trudno\u015bci w relacjach mi\u0119dzyludzkich i w codziennym funkcjonowaniu. Jednym z najcz\u0119stszych pyta\u0144, jakie zadaj\u0105 sobie osoby z tym problemem jest: czy zaburzenia osobowo\u015bci s\u0105 uleczalne?<\/p>\n<p>Odpowied\u017a na to pytanie nie jest jednoznaczna. Z jednej strony, istniej\u0105 r\u00f3\u017cne formy terapii, kt\u00f3re mog\u0105 pom\u00f3c w leczeniu zaburze\u0144 osobowo\u015bci. Terapia poznawczo-behawioralna, farmakoterapia to tylko niekt\u00f3re z metod stosowanych w leczeniu tych problem\u00f3w.<\/p>\n<p>Jednak\u017ce, nale\u017cy pami\u0119ta\u0107, \u017ce proces leczenia zaburze\u0144 osobowo\u015bci mo\u017ce by\u0107 d\u0142ugi i wymagaj\u0105cy. Wiele os\u00f3b potrzebuje lat terapii, aby osi\u0105gn\u0105\u0107 znacz\u0105ce post\u0119py i poprawi\u0107 swoj\u0105 jako\u015b\u0107 \u017cycia. Ponadto, nie ma gwarancji na ca\u0142kowite wyleczenie si\u0119 z zaburze\u0144 osobowo\u015bci &#8211; cz\u0119sto chodzi raczej o nauczenie si\u0119 radzenia sobie z nimi i minimalizowanie ich negatywnego wp\u0142ywu na \u017cycie.<\/p>\n<h2>Rodzaje zaburze\u0144 osobowo\u015bci<\/h2>\n<p>W\u015br\u00f3d zaburze\u0144 osobowo\u015bci wyr\u00f3\u017cnia si\u0119 kilka rodzaj\u00f3w, z kt\u00f3rych ka\u017cdy charakteryzuje si\u0119 innymi objawami i cechami. Jednym z najcz\u0119\u015bciej wyst\u0119puj\u0105cych zaburze\u0144 jest borderline, kt\u00f3re dotyka oko\u0142o 2% populacji. Osoby cierpi\u0105ce na to zaburzenie maj\u0105 trudno\u015bci w utrzymywaniu stabilnych relacji interpersonalnych, cz\u0119sto do\u015bwiadczaj\u0105 silnych emocji i impulsywno\u015bci oraz maj\u0105 problemy z kontrolowaniem swojego zachowania.<\/p>\n<p>Kolejnym rodzajem zaburzenia osobowo\u015bci jest narcystyczne, kt\u00f3re dotyczy os\u00f3b o wyg\u00f3rowanej samoocenie i poczuciu w\u0142asnej warto\u015bci. Osoby te cz\u0119sto potrzebuj\u0105 uznania i podziwu innych, a ich zachowanie mo\u017ce by\u0107 skrajnie egocentryczne. Z kolei osoby z histrionicznym zaburzeniem osobowo\u015bci charakteryzuj\u0105 si\u0119 nadmiern\u0105 ekspresywno\u015bci\u0105 emocji oraz potrzeb\u0105 bycia w centrum uwagi.<\/p>\n<p>Innymi rodzajami zaburze\u0144 osobowo\u015bci s\u0105 schizotypowe, unikowe czy paranoidalne. Schizotypowe charakteryzuj\u0105 si\u0119 dziwacznym zachowaniem i my\u015bleniem, natomiast osoby z unikowym zaburzeniem osobowo\u015bci maj\u0105 trudno\u015bci w nawi\u0105zywaniu kontakt\u00f3w spo\u0142ecznych i prze\u017cywaj\u0105 silny l\u0119k przed odrzuceniem. Paranoidalne natomiast to osoby podejrzliwe i nieufne wobec innych, cz\u0119sto do\u015bwiadczaj\u0105ce irracjonalnych my\u015bli i przekona\u0144.<\/p>\n<h2>Zacisze Zmiany pomo\u017ce Tobie z zaburzeniami osobowo\u015bci<\/h2>\n<p>Zacisze Zmiany mo\u017ce pom\u00f3c Ci w przypadku zaburze\u0144 osobowo\u015bci. Nasz do\u015bwiadczony zesp\u00f3\u0142 psychoterapeut\u00f3w specjalizuje si\u0119 w terapii r\u00f3\u017cnych rodzaj\u00f3w zaburze\u0144 osobowo\u015bci i oferuje wsparcie, kt\u00f3re mo\u017ce pom\u00f3c Ci zrozumie\u0107 i radzi\u0107 sobie z tymi trudno\u015bciami.<\/p>\n<p>Zaburzenia osobowo\u015bci mog\u0105 wp\u0142ywa\u0107 na spos\u00f3b, w jaki postrzegasz siebie, innych ludzi oraz jak funkcjonujesz w r\u00f3\u017cnych obszarach \u017cycia. W Gabinecie &#8222;Zacisze Zmiany&#8221; b\u0119dziemy pracowa\u0107 razem, aby pom\u00f3c Ci w rozpoznawaniu, zrozumieniu i zmianie niezdrowych wzorc\u00f3w my\u015blenia, emocji i zachowa\u0144, kt\u00f3re s\u0105 charakterystyczne dla Twojego zaburzenia osobowo\u015bci.<\/p>\n<p>Nasi terapeuci specjalizuj\u0105 si\u0119 w terapii poznawczo-behawioralnej. Wsp\u00f3lnie z Tob\u0105 opracujemy spersonalizowany plan terapeutyczny, uwzgl\u0119dniaj\u0105cy Twoje indywidualne cele i potrzeby terapeutyczne.<\/p>\n<p>Terapia pomo\u017ce Ci zidentyfikowa\u0107 korzenie Twojego zaburzenia osobowo\u015bci, nauczy\u0107 si\u0119 zdrowych strategii radzenia sobie z trudno\u015bciami, budowa\u0107 zdrowsze relacje mi\u0119dzyludzkie oraz kszta\u0142towa\u0107 bardziej adaptacyjne wzorce my\u015blenia i zachowa\u0144.<\/p>\n<p>Je\u015bli czujesz, \u017ce masz zaburzenie osobowo\u015bci i szukasz profesjonalnego wsparcia, zach\u0119camy do skontaktowania si\u0119 z Gabinetem psychoterapeutycznym &#8222;Zacisze Zmiany&#8221;. Nasi terapeuci s\u0105 gotowi pom\u00f3c Ci w radzeniu sobie z zaburzeniami osobowo\u015bci i wspiera\u0107 Ci\u0119 na drodze do zdrowia i dobra psychicznego.<\/p>\n<p><\/p>\t\t\t\t\t\t\t\t<\/div>\n\t\t\t\t<\/div>\n\t\t\t\t<div class=\"elementor-element elementor-element-2c9a3bf elementor-headline--style-highlight elementor-widget elementor-widget-animated-headline\" data-id=\"2c9a3bf\" data-element_type=\"widget\" data-e-type=\"widget\" data-settings=\"{&quot;highlighted_text&quot;:&quot;Um\\u00f3w pierwsz\\u0105 wizyt\\u0119. &quot;,&quot;highlight_animation_duration&quot;:1218,&quot;marker&quot;:&quot;double_underline&quot;,&quot;headline_style&quot;:&quot;highlight&quot;,&quot;loop&quot;:&quot;yes&quot;,&quot;highlight_iteration_delay&quot;:8000}\" data-widget_type=\"animated-headline.default\">\n\t\t\t\t<div class=\"elementor-widget-container\">\n\t\t\t\t\t\t\t\t<a href=\"http:\/\/www.patcode.pl\/umow-wizyte\/\">\n\n\t\t\t\t\t<h3 class=\"elementor-headline\">\n\t\t\t\t<span class=\"elementor-headline-dynamic-wrapper elementor-headline-text-wrapper\">\n\t\t\t\t\t<span class=\"elementor-headline-dynamic-text elementor-headline-text-active\">Um\u00f3w pierwsz\u0105 wizyt\u0119. <\/span>\n\t\t\t\t<\/span>\n\t\t\t\t<\/h3>\n\t\t<\/a>\t\t\t\t<\/div>\n\t\t\t\t<\/div>\n\t\t\t\t\t<\/div>\n\t\t<\/div>\n\t\t\t\t\t<\/div>\n\t\t<\/section>\n\t\t\t\t<\/div>\n\t\t","protected":false},"excerpt":{"rendered":"<p>Zaburzenia osobowo\u015bci W dzisiejszych czasach coraz wi\u0119cej os\u00f3b boryka si\u0119 z problemami emocjonalnymi i psychicznymi. Jednym z nich s\u0105 zaburzenia osobowo\u015bci, kt\u00f3re mog\u0105 wp\u0142yn\u0105\u0107 na nasze codzienne \u017cycie i relacje z innymi lud\u017ami. W tym artykule om\u00f3wimy, czym dok\u0142adnie jest zaburzenie osobowo\u015bci, co je powoduje oraz jak je rozpozna\u0107. Dowiemy si\u0119 r\u00f3wnie\u017c, czy istnieje skuteczne [&hellip;]<\/p>\n","protected":false},"author":1,"featured_media":0,"parent":0,"menu_order":0,"comment_status":"closed","ping_status":"closed","template":"","meta":{"site-sidebar-layout":"no-sidebar","site-content-layout":"page-builder","ast-site-content-layout":"default","site-content-style":"default","site-sidebar-style":"default","ast-global-header-display":"","ast-banner-title-visibility":"","ast-main-header-display":"","ast-hfb-above-header-display":"","ast-hfb-below-header-display":"","ast-hfb-mobile-header-display":"","site-post-title":"disabled","ast-breadcrumbs-content":"","ast-featured-img":"disabled","footer-sml-layout":"","ast-disable-related-posts":"","theme-transparent-header-meta":"","adv-header-id-meta":"","stick-header-meta":"","header-above-stick-meta":"","header-main-stick-meta":"","header-below-stick-meta":"","astra-migrate-meta-layouts":"default","ast-page-background-enabled":"default","ast-page-background-meta":{"desktop":{"background-color":"var(--ast-global-color-4)","background-image":"","background-repeat":"repeat","background-position":"center center","background-size":"auto","background-attachment":"scroll","background-type":"","background-media":"","overlay-type":"","overlay-color":"","overlay-opacity":"","overlay-gradient":""},"tablet":{"background-color":"","background-image":"","background-repeat":"repeat","background-position":"center center","background-size":"auto","background-attachment":"scroll","background-type":"","background-media":"","overlay-type":"","overlay-color":"","overlay-opacity":"","overlay-gradient":""},"mobile":{"background-color":"","background-image":"","background-repeat":"repeat","background-position":"center center","background-size":"auto","background-attachment":"scroll","background-type":"","background-media":"","overlay-type":"","overlay-color":"","overlay-opacity":"","overlay-gradient":""}},"ast-content-background-meta":{"desktop":{"background-color":"var(--ast-global-color-5)","background-image":"","background-repeat":"repeat","background-position":"center center","background-size":"auto","background-attachment":"scroll","background-type":"","background-media":"","overlay-type":"","overlay-color":"","overlay-opacity":"","overlay-gradient":""},"tablet":{"background-color":"var(--ast-global-color-5)","background-image":"","background-repeat":"repeat","background-position":"center center","background-size":"auto","background-attachment":"scroll","background-type":"","background-media":"","overlay-type":"","overlay-color":"","overlay-opacity":"","overlay-gradient":""},"mobile":{"background-color":"var(--ast-global-color-5)","background-image":"","background-repeat":"repeat","background-position":"center center","background-size":"auto","background-attachment":"scroll","background-type":"","background-media":"","overlay-type":"","overlay-color":"","overlay-opacity":"","overlay-gradient":""}},"_themeisle_gutenberg_block_has_review":false,"footnotes":""},"class_list":["post-1022","page","type-page","status-publish","hentry"],"_links":{"self":[{"href":"http:\/\/www.patcode.pl\/index.php?rest_route=\/wp\/v2\/pages\/1022","targetHints":{"allow":["GET"]}}],"collection":[{"href":"http:\/\/www.patcode.pl\/index.php?rest_route=\/wp\/v2\/pages"}],"about":[{"href":"http:\/\/www.patcode.pl\/index.php?rest_route=\/wp\/v2\/types\/page"}],"author":[{"embeddable":true,"href":"http:\/\/www.patcode.pl\/index.php?rest_route=\/wp\/v2\/users\/1"}],"replies":[{"embeddable":true,"href":"http:\/\/www.patcode.pl\/index.php?rest_route=%2Fwp%2Fv2%2Fcomments&post=1022"}],"version-history":[{"count":13,"href":"http:\/\/www.patcode.pl\/index.php?rest_route=\/wp\/v2\/pages\/1022\/revisions"}],"predecessor-version":[{"id":1605,"href":"http:\/\/www.patcode.pl\/index.php?rest_route=\/wp\/v2\/pages\/1022\/revisions\/1605"}],"wp:attachment":[{"href":"http:\/\/www.patcode.pl\/index.php?rest_route=%2Fwp%2Fv2%2Fmedia&parent=1022"}],"curies":[{"name":"wp","href":"https:\/\/api.w.org\/{rel}","templated":true}]}}